{"id":329,"date":"2024-08-30T20:26:35","date_gmt":"2024-08-30T20:26:35","guid":{"rendered":"https:\/\/j-etol.com\/?page_id=329"},"modified":"2024-08-31T08:50:05","modified_gmt":"2024-08-31T08:50:05","slug":"contact-2","status":"publish","type":"page","link":"https:\/\/j-etol.com\/index.php\/contact-2\/","title":{"rendered":"Contact"},"content":{"rendered":"\n<p><strong>Owner \/ Publisher Contact<\/strong><\/p>\n\n\n\n<p>Dr. G\u00fcrhan Durak<\/p>\n\n\n\n<p>Business office address: Bal\u0131kesir University, Necatibey Faculty of Education, Dink\u00e7iler Mh. Soma Cd. 10100 Alt\u0131eyl\u00fcl, Bal\u0131kesir, T\u00fcrkiye <\/p>\n\n\n\n<p>gurhan.durak07@gmail.com<\/p>\n\n\n\n<p>jetol.editor@gmail.com<\/p>\n\n\n\n<figure class=\"wp-block-embed is-type-rich is-provider-twitter wp-block-embed-twitter\"><div class=\"wp-block-embed__wrapper\">\n<a class=\"twitter-timeline\" data-width=\"640\" data-height=\"960\" data-dnt=\"true\" href=\"https:\/\/twitter.com\/JETOL_Journal?ref_src=twsrc%5Etfw\">Tweets by JETOL_Journal<\/a><script async src=\"https:\/\/platform.twitter.com\/widgets.js\" charset=\"utf-8\"><\/script>\n<\/div><\/figure>\n","protected":false},"excerpt":{"rendered":"<p>Owner \/ Publisher Contact Dr. G\u00fcrhan Durak Business office address: Bal\u0131kesir University, Necatibey Faculty of Education, Dink\u00e7iler Mh. Soma Cd. 10100 Alt\u0131eyl\u00fcl, Bal\u0131kesir, T\u00fcrkiye gurhan.durak07@gmail.com jetol.editor@gmail.com<\/p>\n","protected":false},"author":1,"featured_media":0,"parent":0,"menu_order":0,"comment_status":"closed","ping_status":"closed","template":"","meta":{"footnotes":""},"class_list":["post-329","page","type-page","status-publish","hentry"],"_links":{"self":[{"href":"https:\/\/j-etol.com\/index.php\/wp-json\/wp\/v2\/pages\/329","targetHints":{"allow":["GET"]}}],"collection":[{"href":"https:\/\/j-etol.com\/index.php\/wp-json\/wp\/v2\/pages"}],"about":[{"href":"https:\/\/j-etol.com\/index.php\/wp-json\/wp\/v2\/types\/page"}],"author":[{"embeddable":true,"href":"https:\/\/j-etol.com\/index.php\/wp-json\/wp\/v2\/users\/1"}],"replies":[{"embeddable":true,"href":"https:\/\/j-etol.com\/index.php\/wp-json\/wp\/v2\/comments?post=329"}],"version-history":[{"count":4,"href":"https:\/\/j-etol.com\/index.php\/wp-json\/wp\/v2\/pages\/329\/revisions"}],"predecessor-version":[{"id":365,"href":"https:\/\/j-etol.com\/index.php\/wp-json\/wp\/v2\/pages\/329\/revisions\/365"}],"wp:attachment":[{"href":"https:\/\/j-etol.com\/index.php\/wp-json\/wp\/v2\/media?parent=329"}],"curies":[{"name":"wp","href":"https:\/\/api.w.org\/{rel}","templated":true}]}}